{"id":1776,"date":"2022-04-14T02:12:42","date_gmt":"2022-04-14T02:12:42","guid":{"rendered":"https:\/\/bigwave.com.vn\/?page_id=1776"},"modified":"2022-04-21T06:53:53","modified_gmt":"2022-04-21T06:53:53","slug":"services-reseller","status":"publish","type":"page","link":"https:\/\/bigwave.com.vn\/vi\/services-reseller\/","title":{"rendered":"D\u1ecbch v\u1ee5 v\u00e0 \u0111\u1ea1i l\u00fd"},"content":{"rendered":"\t\t<div data-elementor-type=\"wp-page\" data-elementor-id=\"1776\" class=\"elementor elementor-1776\" data-elementor-settings=\"[]\">\n\t\t\t\t\t\t\t<div class=\"elementor-section-wrap\">\n\t\t\t\t\t\t\t<section class=\"elementor-section elementor-top-section elementor-element elementor-element-cb3de94 elementor-section-stretched elementor-section-boxed elementor-section-height-default elementor-section-height-default\" data-id=\"cb3de94\" data-element_type=\"section\" id=\"wp-services\" data-settings=\"{&quot;stretch_section&quot;:&quot;section-stretched&quot;}\">\n\t\t\t\t\t\t<div class=\"elementor-container elementor-column-gap-default\">\n\t\t\t\t\t<div class=\"elementor-column elementor-col-100 elementor-top-column elementor-element elementor-element-6ed548f\" data-id=\"6ed548f\" data-element_type=\"column\">\n\t\t\t<div class=\"elementor-widget-wrap elementor-element-populated\">\n\t\t\t\t\t\t\t\t<section class=\"elementor-section elementor-inner-section elementor-element elementor-element-b93d81b elementor-section-boxed elementor-section-height-default elementor-section-height-default\" data-id=\"b93d81b\" data-element_type=\"section\">\n\t\t\t\t\t\t<div class=\"elementor-container elementor-column-gap-default\">\n\t\t\t\t\t<div class=\"elementor-column elementor-col-50 elementor-inner-column elementor-element elementor-element-adc051f\" data-id=\"adc051f\" data-element_type=\"column\">\n\t\t\t<div class=\"elementor-widget-wrap elementor-element-populated\">\n\t\t\t\t\t\t\t\t<div class=\"elementor-element elementor-element-b9b5189 wp-heading-title elementor-widget elementor-widget-heading\" data-id=\"b9b5189\" data-element_type=\"widget\" data-widget_type=\"heading.default\">\n\t\t\t\t<div class=\"elementor-widget-container\">\n\t\t\t<h2 class=\"elementor-heading-title elementor-size-default\">D\u1ecbch v\u1ee5 v\u00e0 th\u00f4ng tin<\/h2>\t\t<\/div>\n\t\t\t\t<\/div>\n\t\t\t\t<div class=\"elementor-element elementor-element-e92d62e elementor-widget elementor-widget-text-editor\" data-id=\"e92d62e\" data-element_type=\"widget\" data-widget_type=\"text-editor.default\">\n\t\t\t\t<div class=\"elementor-widget-container\">\n\t\t\t\t\t\t\tT\u1ea1i Bigwave, ch\u00fang t\u00f4i \u0111\u1ea3m b\u1ea3o r\u1eb1ng nhu c\u1ea7u c\u1ee7a b\u1ea1n \u0111\u01b0\u1ee3c \u0111\u00e1p \u1ee9ng theo c\u00e1ch t\u1ed1t nh\u1ea5t c\u00f3 th\u1ec3. B\u1edfi v\u00ec s\u1ef1 h\u00e0i l\u00f2ng c\u1ee7a b\u1ea1n l\u00e0 quan tr\u1ecdng \u0111\u1ed1i v\u1edbi ch\u00fang t\u00f4i h\u01a1n b\u1ea5t c\u1ee9 \u0111i\u1ec1u g\u00ec kh\u00e1c.\n\t\t\t\t\t\t<\/div>\n\t\t\t\t<\/div>\n\t\t\t\t\t<\/div>\n\t\t<\/div>\n\t\t\t\t<div class=\"elementor-column elementor-col-50 elementor-inner-column elementor-element elementor-element-8e15b73\" data-id=\"8e15b73\" data-element_type=\"column\">\n\t\t\t<div class=\"elementor-widget-wrap\">\n\t\t\t\t\t\t\t\t\t<\/div>\n\t\t<\/div>\n\t\t\t\t\t\t\t<\/div>\n\t\t<\/section>\n\t\t\t\t<section class=\"elementor-section elementor-inner-section elementor-element elementor-element-379c1ce elementor-section-boxed elementor-section-height-default elementor-section-height-default\" data-id=\"379c1ce\" data-element_type=\"section\">\n\t\t\t\t\t\t<div class=\"elementor-container elementor-column-gap-default\">\n\t\t\t\t\t<div class=\"elementor-column elementor-col-33 elementor-inner-column elementor-element elementor-element-6f9fd5f\" data-id=\"6f9fd5f\" data-element_type=\"column\">\n\t\t\t<div class=\"elementor-widget-wrap elementor-element-populated\">\n\t\t\t\t\t\t\t\t<div class=\"elementor-element elementor-element-22897cf wp-services-item elementor-position-top elementor-vertical-align-top elementor-invisible elementor-widget elementor-widget-image-box\" data-id=\"22897cf\" data-element_type=\"widget\" data-settings=\"{&quot;_animation&quot;:&quot;fadeInUp&quot;}\" data-widget_type=\"image-box.default\">\n\t\t\t\t<div class=\"elementor-widget-container\">\n\t\t\t<div class=\"elementor-image-box-wrapper\"><figure class=\"elementor-image-box-img\"><img loading=\"lazy\" decoding=\"async\" width=\"148\" height=\"148\" src=\"https:\/\/bigwave.com.vn\/wp-content\/uploads\/2022\/03\/icon1.png\" class=\"attachment-full size-full\" alt=\"\" \/><\/figure><div class=\"elementor-image-box-content\"><h3 class=\"elementor-image-box-title\">H\u1ed7 tr\u1ee3 24\/7<\/h3><p class=\"elementor-image-box-description\">V\u1edbi \u0111\u1ed9i ng\u0169 h\u1ed7 tr\u1ee3 24\/5 Bigwave lu\u00f4n h\u1ed7 tr\u1ee3 qu\u00fd anh ch\u1ecb trong su\u1ed1t qu\u00e1 tr\u00ecnh mua BOT c\u0169ng nh\u01b0 c\u00e1c ch\u1ebf \u0111\u1ed9 h\u1eadu m\u00e3i.<\/p><\/div><\/div>\t\t<\/div>\n\t\t\t\t<\/div>\n\t\t\t\t\t<\/div>\n\t\t<\/div>\n\t\t\t\t<div class=\"elementor-column elementor-col-33 elementor-inner-column elementor-element elementor-element-418c318\" data-id=\"418c318\" data-element_type=\"column\">\n\t\t\t<div class=\"elementor-widget-wrap elementor-element-populated\">\n\t\t\t\t\t\t\t\t<div class=\"elementor-element elementor-element-14ad45e wp-services-item elementor-position-top elementor-vertical-align-top elementor-invisible elementor-widget elementor-widget-image-box\" data-id=\"14ad45e\" data-element_type=\"widget\" data-settings=\"{&quot;_animation&quot;:&quot;fadeInUp&quot;,&quot;_animation_delay&quot;:200}\" data-widget_type=\"image-box.default\">\n\t\t\t\t<div class=\"elementor-widget-container\">\n\t\t\t<div class=\"elementor-image-box-wrapper\"><figure class=\"elementor-image-box-img\"><img loading=\"lazy\" decoding=\"async\" width=\"148\" height=\"148\" src=\"https:\/\/bigwave.com.vn\/wp-content\/uploads\/2022\/03\/icon2.png\" class=\"attachment-full size-full\" alt=\"\" \/><\/figure><div class=\"elementor-image-box-content\"><h3 class=\"elementor-image-box-title\">Th\u00f4ng tin minh b\u1ea1ch<\/h3><p class=\"elementor-image-box-description\">T\u1ea5t c\u1ea3 c\u00e1c th\u00f4ng tin v\u1ec1 Bigwave \u0111\u1ec1u \u0111\u01b0\u1ee3c minh b\u1ea1ch. M\u1ecdi th\u00f4ng tin chi ti\u1ebft xin li\u00ean h\u1ec7 v\u1ec1 support c\u1ee7a Bigwave \u0111\u1ec3 \u0111\u01b0\u1ee3c h\u1ed7 tr\u1ee3 c\u1ee5 th\u1ec3.<\/p><\/div><\/div>\t\t<\/div>\n\t\t\t\t<\/div>\n\t\t\t\t\t<\/div>\n\t\t<\/div>\n\t\t\t\t<div class=\"elementor-column elementor-col-33 elementor-inner-column elementor-element elementor-element-9d89078\" data-id=\"9d89078\" data-element_type=\"column\">\n\t\t\t<div class=\"elementor-widget-wrap elementor-element-populated\">\n\t\t\t\t\t\t\t\t<div class=\"elementor-element elementor-element-457bed3 wp-services-item elementor-position-top elementor-vertical-align-top elementor-invisible elementor-widget elementor-widget-image-box\" data-id=\"457bed3\" data-element_type=\"widget\" data-settings=\"{&quot;_animation&quot;:&quot;fadeInUp&quot;,&quot;_animation_delay&quot;:400}\" data-widget_type=\"image-box.default\">\n\t\t\t\t<div class=\"elementor-widget-container\">\n\t\t\t<div class=\"elementor-image-box-wrapper\"><figure class=\"elementor-image-box-img\"><img loading=\"lazy\" decoding=\"async\" width=\"148\" height=\"148\" src=\"https:\/\/bigwave.com.vn\/wp-content\/uploads\/2022\/03\/icon3.png\" class=\"attachment-full size-full\" alt=\"\" \/><\/figure><div class=\"elementor-image-box-content\"><h3 class=\"elementor-image-box-title\">BigWave<\/h3><p class=\"elementor-image-box-description\">M\u1ed9t \u0111\u01a1n v\u1ecb cung c\u1ea5p c\u00e1c th\u00f4ng tin v\u00e0 c\u00f4ng c\u1ee5 gi\u00fap nh\u00e0 \u0111\u1ea7u t\u01b0 d\u1ec5 d\u00e0ng ki\u1ebfm \u0111\u01b0\u1ee3c l\u1ee3i nhu\u1eadn h\u01a1n trong th\u1ecb tr\u01b0\u1eddng ngo\u1ea1i h\u1ed1i. Nh\u1eb1m gi\u00fap th\u1ecb tr\u01b0\u1eddng Vi\u1ec7t Nam t\u0103ng cao kh\u1ea3 n\u0103ng nh\u1eadn bi\u1ebft v\u00e0 v\u01b0\u01a1n t\u1ea7m ra ngo\u00e0i th\u1ebf gi\u1edbi v\u1ec1 th\u1ecb tr\u01b0\u1eddng t\u00e0i ch\u00ednh<\/p><\/div><\/div>\t\t<\/div>\n\t\t\t\t<\/div>\n\t\t\t\t\t<\/div>\n\t\t<\/div>\n\t\t\t\t\t\t\t<\/div>\n\t\t<\/section>\n\t\t\t\t<section class=\"elementor-section elementor-inner-section elementor-element elementor-element-55403b5 elementor-section-boxed elementor-section-height-default elementor-section-height-default\" data-id=\"55403b5\" data-element_type=\"section\">\n\t\t\t\t\t\t<div class=\"elementor-container elementor-column-gap-default\">\n\t\t\t\t\t<div class=\"elementor-column elementor-col-33 elementor-inner-column elementor-element elementor-element-53038f7\" data-id=\"53038f7\" data-element_type=\"column\">\n\t\t\t<div class=\"elementor-widget-wrap elementor-element-populated\">\n\t\t\t\t\t\t\t\t<div class=\"elementor-element elementor-element-75356ae wp-services-item elementor-position-top elementor-vertical-align-top elementor-invisible elementor-widget elementor-widget-image-box\" data-id=\"75356ae\" data-element_type=\"widget\" data-settings=\"{&quot;_animation&quot;:&quot;fadeInUp&quot;,&quot;_animation_delay&quot;:600}\" data-widget_type=\"image-box.default\">\n\t\t\t\t<div class=\"elementor-widget-container\">\n\t\t\t<div class=\"elementor-image-box-wrapper\"><figure class=\"elementor-image-box-img\"><img loading=\"lazy\" decoding=\"async\" width=\"148\" height=\"148\" src=\"https:\/\/bigwave.com.vn\/wp-content\/uploads\/2022\/03\/icon4.png\" class=\"attachment-full size-full\" alt=\"\" \/><\/figure><div class=\"elementor-image-box-content\"><h3 class=\"elementor-image-box-title\">B\u1ea3o m\u1eadt<\/h3><p class=\"elementor-image-box-description\">V\u1edbi mong mu\u1ed1n \u0111i l\u00e2u b\u1ec1n. Bigwave lu\u00f4n gi\u1eef b\u1ea3o m\u1eadt cho kh\u00e1ch h\u00e0ng t\u1eeb th\u00f4ng tin \u0111\u1ebfn c\u00e1c ch\u00ednh s\u00e1ch b\u1ea3o m\u1eadt v\u1ec1 ti\u1ec1n b\u1ea1c, thanh to\u00e1n. C\u00e1c gi\u00e1 tr\u1ecb b\u1ea3o m\u1eadt s\u1ebd \u0111\u01b0\u1ee3c gi\u1eef xuy\u00ean su\u1ed1t.<\/p><\/div><\/div>\t\t<\/div>\n\t\t\t\t<\/div>\n\t\t\t\t\t<\/div>\n\t\t<\/div>\n\t\t\t\t<div class=\"elementor-column elementor-col-33 elementor-inner-column elementor-element elementor-element-c99037d\" data-id=\"c99037d\" data-element_type=\"column\">\n\t\t\t<div class=\"elementor-widget-wrap elementor-element-populated\">\n\t\t\t\t\t\t\t\t<div class=\"elementor-element elementor-element-18e5cf4 wp-services-item elementor-position-top elementor-vertical-align-top elementor-invisible elementor-widget elementor-widget-image-box\" data-id=\"18e5cf4\" data-element_type=\"widget\" data-settings=\"{&quot;_animation&quot;:&quot;fadeInUp&quot;,&quot;_animation_delay&quot;:800}\" data-widget_type=\"image-box.default\">\n\t\t\t\t<div class=\"elementor-widget-container\">\n\t\t\t<div class=\"elementor-image-box-wrapper\"><figure class=\"elementor-image-box-img\"><img loading=\"lazy\" decoding=\"async\" width=\"148\" height=\"148\" src=\"https:\/\/bigwave.com.vn\/wp-content\/uploads\/2022\/03\/icon5.png\" class=\"attachment-full size-full\" alt=\"\" \/><\/figure><div class=\"elementor-image-box-content\"><h3 class=\"elementor-image-box-title\">D\u1eef li\u1ec7u v\u1ec1 BOT BIGWAVE<\/h3><p class=\"elementor-image-box-description\">C\u00e1c d\u1eef li\u1ec7u v\u1ec1 BOT Bigwave \u0111\u01b0\u1ee3c c\u00f4ng khai r\u00f5 r\u00e0ng. C\u00e1c \u01b0u \u0111\u00e3i c\u0169ng nh\u01b0 gi\u00e1 b\u00e1n \u0111\u01b0\u1ee3c c\u00f4ng khai, c\u00e1c ch\u00ednh s\u00e1ch thay \u0111\u1ed5i v\u1ec1 gi\u00e1 s\u1ebd \u0111\u01b0\u1ee3c th\u00f4ng b\u00e1o tr\u01b0\u1edbc ho\u1eb7c s\u1ebd \u0111\u01b0\u1ee3c c\u1eadp nh\u1eadt tr\u00ean website ho\u1eb7c Fanpage<\/p><\/div><\/div>\t\t<\/div>\n\t\t\t\t<\/div>\n\t\t\t\t\t<\/div>\n\t\t<\/div>\n\t\t\t\t<div class=\"elementor-column elementor-col-33 elementor-inner-column elementor-element elementor-element-fd086e5\" data-id=\"fd086e5\" data-element_type=\"column\">\n\t\t\t<div class=\"elementor-widget-wrap elementor-element-populated\">\n\t\t\t\t\t\t\t\t<div class=\"elementor-element elementor-element-e7b99a0 wp-services-item elementor-position-top elementor-vertical-align-top elementor-invisible elementor-widget elementor-widget-image-box\" data-id=\"e7b99a0\" data-element_type=\"widget\" data-settings=\"{&quot;_animation&quot;:&quot;fadeInUp&quot;,&quot;_animation_delay&quot;:1000}\" data-widget_type=\"image-box.default\">\n\t\t\t\t<div class=\"elementor-widget-container\">\n\t\t\t<div class=\"elementor-image-box-wrapper\"><figure class=\"elementor-image-box-img\"><img loading=\"lazy\" decoding=\"async\" width=\"148\" height=\"148\" src=\"https:\/\/bigwave.com.vn\/wp-content\/uploads\/2022\/03\/icon1.png\" class=\"attachment-full size-full\" alt=\"\" \/><\/figure><div class=\"elementor-image-box-content\"><h3 class=\"elementor-image-box-title\">Con ng\u01b0\u1eddi v\u00e0 Uy t\u00edn<\/h3><p class=\"elementor-image-box-description\">Trong kinh doanh, UY T\u00cdN lu\u00f4n \u0111\u01b0\u1ee3c \u0111\u1eb7t ra h\u00e0ng \u0111\u1ea7u. V\u1edbi Bigwave \u0111i\u1ec1u \u0111\u00f3 c\u0169ng kh\u00f4ng ph\u1ea3i ngo\u1ea1i l\u1ec7. Bigwave lu\u00f4n \u0111\u1eb7t uy t\u00edn c\u1ee7a m\u00ecnh l\u00ean h\u00e0ng \u0111\u1ea7u v\u1edbi ph\u01b0\u01a1ng ch\u00e2m \u0111i l\u00e2u d\u00e0i trong l\u0129nh v\u1ef1c t\u00e0i ch\u00ednh<\/p><\/div><\/div>\t\t<\/div>\n\t\t\t\t<\/div>\n\t\t\t\t\t<\/div>\n\t\t<\/div>\n\t\t\t\t\t\t\t<\/div>\n\t\t<\/section>\n\t\t\t\t\t<\/div>\n\t\t<\/div>\n\t\t\t\t\t\t\t<\/div>\n\t\t<\/section>\n\t\t\t\t<section class=\"elementor-section elementor-top-section elementor-element elementor-element-11b5ee9 services elementor-section-boxed elementor-section-height-default elementor-section-height-default\" data-id=\"11b5ee9\" data-element_type=\"section\" id=\"wp-banner\" data-settings=\"{&quot;background_background&quot;:&quot;classic&quot;}\">\n\t\t\t\t\t\t<div class=\"elementor-container elementor-column-gap-default\">\n\t\t\t\t\t<div class=\"elementor-column elementor-col-100 elementor-top-column elementor-element elementor-element-55adb9b\" data-id=\"55adb9b\" data-element_type=\"column\">\n\t\t\t<div class=\"elementor-widget-wrap elementor-element-populated\">\n\t\t\t\t\t\t\t\t<div class=\"elementor-element elementor-element-7f1b367 wp-heading-title elementor-widget elementor-widget-heading\" data-id=\"7f1b367\" data-element_type=\"widget\" data-widget_type=\"heading.default\">\n\t\t\t\t<div class=\"elementor-widget-container\">\n\t\t\t<h2 class=\"elementor-heading-title elementor-size-default\">\u0110\u1ea1i L\u00fd<\/h2>\t\t<\/div>\n\t\t\t\t<\/div>\n\t\t\t\t<div class=\"elementor-element elementor-element-d46fb10 elementor-widget elementor-widget-text-editor\" data-id=\"d46fb10\" data-element_type=\"widget\" data-widget_type=\"text-editor.default\">\n\t\t\t\t<div class=\"elementor-widget-container\">\n\t\t\t\t\t\t\tC\u00e1c \u0111\u1ea1i l\u00fd s\u1ebd \u0111\u01b0\u1ee3c h\u01b0\u1edfng c\u00e1c ch\u1ebf \u0111\u1ed9 ch\u00ednh s\u00e1ch kh\u00e1c nhau,<br> m\u1ecdi th\u00f4ng tin chi ti\u1ebft xin li\u00ean h\u1ec7 Support c\u1ee7a Bigwave \u0111\u1ec3 \u0111\u01b0\u1ee3c t\u01b0 v\u1ea5n c\u1ee5 th\u1ec3\t\t\t\t\t\t<\/div>\n\t\t\t\t<\/div>\n\t\t\t\t<div class=\"elementor-element elementor-element-548a7bc elementor-align-center wp-btn elementor-widget elementor-widget-button\" data-id=\"548a7bc\" data-element_type=\"widget\" data-widget_type=\"button.default\">\n\t\t\t\t<div class=\"elementor-widget-container\">\n\t\t\t\t\t<div class=\"elementor-button-wrapper\">\n\t\t\t<a href=\"https:\/\/bigwave.com.vn\/vi\/lien-he\/\" class=\"elementor-button-link elementor-button elementor-size-sm\" role=\"button\">\n\t\t\t\t\t\t<span class=\"elementor-button-content-wrapper\">\n\t\t\t\t\t\t<span class=\"elementor-button-text\">Li\u00ean h\u1ec7 ngay<\/span>\n\t\t<\/span>\n\t\t\t\t\t<\/a>\n\t\t<\/div>\n\t\t\t\t<\/div>\n\t\t\t\t<\/div>\n\t\t\t\t\t<\/div>\n\t\t<\/div>\n\t\t\t\t\t\t\t<\/div>\n\t\t<\/section>\n\t\t\t\t\t\t<\/div>\n\t\t\t\t\t<\/div>\n\t\t","protected":false},"excerpt":{"rendered":"<p>D\u1ecbch v\u1ee5 v\u00e0 th\u00f4ng tin T\u1ea1i Bigwave, ch\u00fang t\u00f4i \u0111\u1ea3m b\u1ea3o r\u1eb1ng nhu c\u1ea7u c\u1ee7a b\u1ea1n \u0111\u01b0\u1ee3c \u0111\u00e1p \u1ee9ng theo c\u00e1ch t\u1ed1t nh\u1ea5t c\u00f3 th\u1ec3. B\u1edfi v\u00ec s\u1ef1 h\u00e0i l\u00f2ng c\u1ee7a b\u1ea1n l\u00e0 quan tr\u1ecdng \u0111\u1ed1i v\u1edbi ch\u00fang t\u00f4i h\u01a1n b\u1ea5t c\u1ee9 \u0111i\u1ec1u g\u00ec kh\u00e1c. H\u1ed7 tr\u1ee3 24\/7 V\u1edbi \u0111\u1ed9i ng\u0169 h\u1ed7 tr\u1ee3 24\/5 Bigwave [&hellip;]<\/p>\n","protected":false},"author":1,"featured_media":0,"parent":0,"menu_order":0,"comment_status":"closed","ping_status":"closed","template":"","meta":{"footnotes":""},"class_list":["post-1776","page","type-page","status-publish","hentry"],"_links":{"self":[{"href":"https:\/\/bigwave.com.vn\/vi\/wp-json\/wp\/v2\/pages\/1776","targetHints":{"allow":["GET"]}}],"collection":[{"href":"https:\/\/bigwave.com.vn\/vi\/wp-json\/wp\/v2\/pages"}],"about":[{"href":"https:\/\/bigwave.com.vn\/vi\/wp-json\/wp\/v2\/types\/page"}],"author":[{"embeddable":true,"href":"https:\/\/bigwave.com.vn\/vi\/wp-json\/wp\/v2\/users\/1"}],"replies":[{"embeddable":true,"href":"https:\/\/bigwave.com.vn\/vi\/wp-json\/wp\/v2\/comments?post=1776"}],"version-history":[{"count":16,"href":"https:\/\/bigwave.com.vn\/vi\/wp-json\/wp\/v2\/pages\/1776\/revisions"}],"predecessor-version":[{"id":1970,"href":"https:\/\/bigwave.com.vn\/vi\/wp-json\/wp\/v2\/pages\/1776\/revisions\/1970"}],"wp:attachment":[{"href":"https:\/\/bigwave.com.vn\/vi\/wp-json\/wp\/v2\/media?parent=1776"}],"curies":[{"name":"wp","href":"https:\/\/api.w.org\/{rel}","templated":true}]}}